{"id":79,"date":"2017-07-07T21:33:15","date_gmt":"2017-07-07T19:33:15","guid":{"rendered":"http:\/\/www.hetrad.nl\/?page_id=79"},"modified":"2022-02-23T16:48:52","modified_gmt":"2022-02-23T15:48:52","slug":"koppelingen","status":"publish","type":"page","link":"https:\/\/www.hetrad.nl\/index.php\/bibliotheek\/koppelingen\/","title":{"rendered":"Koppelingen"},"content":{"rendered":"<p>Het feit dat er koppelingen naar andere webstekken op de webstek van Het Rad staan betekent allerminst dat wij instemmen met de inhoud van die webstekken. Indien er een koppeling naar de webstek van Het Rad op welke webstek dan ook staat, betekent geenszins dat Het Rad instemt met de inhoud van die webstek.<\/p>\n<p align=\"LEFT\">The fact that links to other websites are on the website of Het Rad does not imply that we agree with the content of these websites. Likewise for websites with a link to the website of Het Rad<\/p>\n<p><strong><br \/>\n<\/strong><a href=\"https:\/\/flameoffrith.org\/\">Flame of Frith <\/a>&#8211; International Heathen Prayer Circle<\/p>\n<p><a href=\"https:\/\/thewyrdthing.com\/\">The Wyrd Thing<\/a> &#8211; Heathen podcast on inclusivity and diversity<\/p>\n<p><strong>Asatru \/ Germaans Heidendom<\/strong><\/p>\n<p><a href=\"https:\/\/www.facebook.com\/HvdLL\/\" target=\"_blank\" rel=\"noopener\">Heidenen van de Lage Landen<\/a> &#8211; Nederland<\/p>\n<p><a href=\"http:\/\/www.heidevlam.nl\" target=\"_blank\" rel=\"noopener\">Heidevlam<\/a> &#8211; Nederland<\/p>\n<p><a href=\"http:\/\/www.nederlandsheidendom.net\" target=\"_blank\" rel=\"noopener\">Nederlands Heidendom<\/a> &#8211; Nederland<\/p>\n<p><a href=\"http:\/\/www.eldaring.de\" target=\"_blank\" rel=\"noopener\">Eldaring<\/a> &#8211; Duitsland<\/p>\n<p><a href=\"https:\/\/www.vfgh.de\/\" target=\"_blank\" rel=\"noopener\">Verein f\u00fcr Germanisches Heidentum e.V.<\/a> &#8211; Duitsland<\/p>\n<p><a href=\"http:\/\/www.bifrost.no\" target=\"NewLinkWindow\" rel=\"noopener\">\u00c5satrufellesskapet Bifrost<\/a> &#8211; Noorwegen<\/p>\n<p><a href=\"http:\/\/www.samfundetfornsed.se\" target=\"_blank\" rel=\"noopener\">Samfundet Forn Sed<\/a> &#8211; Zweden<\/p>\n<p><a href=\"https:\/\/www.facebook.com\/groups\/860184530737157\/\" target=\"_blank\" rel=\"noopener\">Kith of the Well and the Tree<\/a> &#8211; Engeland<\/p>\n<p><a href=\"http:\/\/asatru-iberica.es.tl\/\" target=\"NewLinkWindow\" rel=\"noopener\">Asatru Ib\u00e9rica<\/a> &#8211; Spanje<\/p>\n<p><a href=\"http:\/\/www.fornsed.es\/\" target=\"NewLinkWindow\" rel=\"noopener\">Gotland Forn Sed<\/a> &#8211; Spanje<\/p>\n<p><a href=\"http:\/\/www.asatru.is\/\" target=\"NewLinkWindow\" rel=\"noopener\">\u00c1satr\u00faarf\u00e9lagi\u00f0<\/a> &#8211; IJsland<\/p>\n<p><a href=\"http:\/\/www.irminsul.org\/\" target=\"NewLinkWindow\" rel=\"noopener\">Irminsul Aettir<\/a> &#8211; Verenigde Staten<\/p>\n<p><a href=\"http:\/\/www.thetroth.org\" target=\"NewLinkWindow\" rel=\"noopener\">Ring of Troth<\/a> &#8211; Verenigde Staten<\/p>\n<p><strong>Runen en seidh<\/strong><\/p>\n<p><a href=\"http:\/\/www.alhaz.be\" target=\"NewLinkWindow\" rel=\"noopener\">Runen in de Noordse Traditie<\/a> &#8211; Vincent Ongkowidjojo<\/p>\n<p><a href=\"http:\/\/www.hrafnar.org\/\" target=\"NewLinkWindow\" rel=\"noopener\">Hrafnar<\/a><\/p>\n<p><a href=\"http:\/\/www.nordic-life.org\/nmh\/\" target=\"NewLinkWindow\" rel=\"noopener\">Nordic Magic Healing<\/a><\/p>\n<p><a href=\"http:\/\/www.arild-hauge.com\/\" target=\"_blank\" rel=\"noopener\">ARILD HAUGE&#8217;S HOMEPAGE<\/a><\/p>\n<p><strong>Allerlei<\/strong><\/p>\n<p><a href=\"http:\/\/www.odins-gift.com\/\" target=\"NewLinkWindow\" rel=\"noopener\">Odin&#8217;s Gift<\/a> &#8211; Norse Mythology \/ Asatru Poetry &amp; Music Collection<\/p>\n<p><a href=\"http:\/\/www.boudicca.de\/\" target=\"NewLinkWindow\" rel=\"noopener\">Bouddica&#8217;s Bard<\/a><\/p>\n<p><a href=\"http:\/\/www.northvegr.org\" target=\"NewLinkWindow\" rel=\"noopener\">The Northvegr foundation<\/a><\/p>\n<p><a href=\"http:\/\/www.auteursrecht.nl\/\" target=\"NewLinkWindow\" rel=\"noopener\">Auteursrecht<\/a><\/p>\n<p><strong>Webwinkels<\/strong><\/p>\n<p><a href=\"http:\/\/www.asatru-shop.de\/\" target=\"NewLinkWindow\" rel=\"noopener\">Beowulf Schleswich<\/a><\/p>\n<p><a href=\"http:\/\/www.vikingcrafts.co.uk\/\" target=\"NewLinkWindow\" rel=\"noopener\">Viking Crafts<\/a><\/p>\n<p><a href=\"http:\/\/www.jelldragon.com\/\" target=\"NewLinkWindow\" rel=\"noopener\">The Jelling Dragon<\/a><\/p>\n<p><a href=\"https:\/\/www.deaardewinkel.nl\" target=\"_blank\" rel=\"noopener\">De Aardewinkel<\/a><\/p>\n<p><strong>Heidendom<\/strong><\/p>\n<p><a href=\"http:\/\/www.paganfed.org\" target=\"NewLinkWindow\" rel=\"noopener\">The Pagan Federation<\/a><\/p>\n<p><a href=\"http:\/\/silvercircle.org\" target=\"NewLinkWindow\" rel=\"noopener\">Silver Circle<\/a><\/p>\n<p><a href=\"http:\/\/druidry.org\/\" target=\"NewLinkWindow\" rel=\"noopener\">The Order of Bards, Ovates, and Druids<\/a><\/p>\n<p><a href=\"http:\/\/www.obod.nl\" target=\"NewLinkWindow\" rel=\"noopener\">OBOD Nederland<\/a><\/p>\n<p><a href=\"http:\/\/www.tengerism.org\" target=\"NewLinkWindow\" rel=\"noopener\">Circle of Tengerism<\/a><\/p>\n","protected":false},"excerpt":{"rendered":"<p>Het feit dat er koppelingen naar andere webstekken op de webstek van Het Rad staan betekent allerminst dat wij instemmen met de inhoud van die webstekken. Indien er een koppeling naar de webstek van Het Rad op welke webstek dan ook staat, betekent geenszins dat Het Rad instemt met de inhoud van die webstek. The &hellip; <\/p>\n<p class=\"link-more\"><a href=\"https:\/\/www.hetrad.nl\/index.php\/bibliotheek\/koppelingen\/\" class=\"more-link\">Lees verder <span class=\"screen-reader-text\">&#8220;Koppelingen&#8221;<\/span><\/a><\/p>\n","protected":false},"author":1,"featured_media":0,"parent":418,"menu_order":10,"comment_status":"closed","ping_status":"closed","template":"","meta":[],"_links":{"self":[{"href":"https:\/\/www.hetrad.nl\/index.php\/wp-json\/wp\/v2\/pages\/79"}],"collection":[{"href":"https:\/\/www.hetrad.nl\/index.php\/wp-json\/wp\/v2\/pages"}],"about":[{"href":"https:\/\/www.hetrad.nl\/index.php\/wp-json\/wp\/v2\/types\/page"}],"author":[{"embeddable":true,"href":"https:\/\/www.hetrad.nl\/index.php\/wp-json\/wp\/v2\/users\/1"}],"replies":[{"embeddable":true,"href":"https:\/\/www.hetrad.nl\/index.php\/wp-json\/wp\/v2\/comments?post=79"}],"version-history":[{"count":11,"href":"https:\/\/www.hetrad.nl\/index.php\/wp-json\/wp\/v2\/pages\/79\/revisions"}],"predecessor-version":[{"id":1127,"href":"https:\/\/www.hetrad.nl\/index.php\/wp-json\/wp\/v2\/pages\/79\/revisions\/1127"}],"up":[{"embeddable":true,"href":"https:\/\/www.hetrad.nl\/index.php\/wp-json\/wp\/v2\/pages\/418"}],"wp:attachment":[{"href":"https:\/\/www.hetrad.nl\/index.php\/wp-json\/wp\/v2\/media?parent=79"}],"curies":[{"name":"wp","href":"https:\/\/api.w.org\/{rel}","templated":true}]}}