{"id":774,"date":"2020-05-01T17:24:57","date_gmt":"2020-05-01T15:24:57","guid":{"rendered":"http:\/\/www.hetrad.nl\/?page_id=774"},"modified":"2022-11-18T08:51:05","modified_gmt":"2022-11-18T07:51:05","slug":"indiculus-superstitionum-et-paganiarum","status":"publish","type":"page","link":"https:\/\/www.hetrad.nl\/index.php\/bibliotheek\/indiculus-superstitionum-et-paganiarum\/","title":{"rendered":"Indiculus superstitionum et paganarium"},"content":{"rendered":"\n<p class=\"has-text-align-right\">door Frigga Asraaf<\/p>\n\n\n\n<p>Het blijft op mijn lachspieren werken dat juist de geestelijken die vaak te vuur en te zwaard heidendom, met als zijn in hun ogen verfoeilijke gewoonte en gebruiken, bestreden hebben tegelijk een en ander voor ons bewaard hebben dat nu zo waardevol is. Wellicht moeten we toch eens een hoorn heffen op al de monniken die, al is het kort, zaken aan papier, of beter: perkament, hebben toevertrouwd.<br>Een overgeleverde lijst van bijgelovigheden en heidense praktijken, de zogenaamde <em>indiculus superstitionum et paganiarum<\/em>, is een goed voorbeeld hiervan. Het is een opsomming in het latijn van een dertigtal gebruiken, in zwang bij Friezen en Saksen, die door de kerk werden afgekeurd. Helaas ontbreekt enige uitleg bij de genoemde gebruiken. In die tijd wist waarschijnlijk iedereen waar op gedoeld werd en dus was het overbodig om er enige tekst en uitleg bij te geven.<br>Het manuscript waar het <em>indiculus superstitionum et paganiarum<\/em> in te vinden is, stamt uit halverwege de achtste eeuw en bevat naast deze lijst ook de oudsaksische of utrechtse doopgelofte. Het is onbekend wie de lijst heeft opgesteld, maar mogelijk was het Willibrord of een van zijn opvolgers. De originelen van zowel de lijst als de doopbelofte zijn verloren gegaan, maar er is een kopie uit het door Bonifatius in 744 gestichte klooster Fulda bewaard gebleven.<\/p>\n\n\n\n<p>Voor ik verder inga op een aantal punten van de <em>indiculus superstitionum et paganiarum<\/em> volgt hier eerst de lijst zelf. Daarna volgt de lijst nogmaals maar nu voorzien een vertaling, eventuele uitleg en commentaren. De vertaling stamt uit het boek <em>De tijd van monniken en ridders<\/em> van schrijver en historicus Ben Speet. De vertalingen die her en der die tussen haakjes zijn geplaatst, heb ik op Wikipedia gevonden. De uitzonderingen hierop zijn de punten 8 en 20, want daar verkiest Speet de namen van romeinse goden te vervangen door germaanse en staat zijn vertaling tussen haakjes. Dit naar ik aanneem volgens de <em>interpretatio Romana<\/em> of juist de <em>interpretatio Germanica<\/em>. Voor uitleg en commentaar ben ik Ray Dassen dank verschuldigd, want hij heeft me geholpen met zijn kennis van latijn. Verder vermeld ik voor vergelijk met enige regelmaat een vertaling van de duitse Wikipedia.<\/p>\n\n\n\n<p>1. <em>De sacrilegio ad sepulchra mortuorum<\/em>.<br>2. <em>De sacrilegio super defunctos id est dadsisas<\/em>.<br>3. <em>De spurcalibus in Februario<\/em>.<br>4. <em>De casulis id est fanis<\/em>.<br>5. <em>De sacrilegiis per aecclesias<\/em>.<br>6. <em>De sacris siluarum quae nimidas vocant<\/em>.<br>7. <em>De hiis quae faciunt super petras<\/em>.<br>8. De <em>sacris Mercurii, vel Iovis<\/em>.<br>9. De <em>sacrificio quod fit alicui sanctorum<\/em>.<br>10. <em>De filacteriis et ligaturis<\/em>.<br>11. De <em>fontibus sacrificiorum<\/em>.<br>12. De <em>incantationibus<\/em>.<br>13. De <em>auguriis vel avium vel equorum vel bovum stercora vel sternutationes<\/em>.<br>14. De <em>divinis vel sortilegis<\/em>.<br>15. De <em>igne fricato de ligno id est nodfyr<\/em>.<br>16. De <em>cerebro animalium<\/em>.<br>17. De <em>observatione pagana in foco, vel in inchoatione rei alicuius<\/em>.<br>18. De <em>incertis locis que colunt pro sacris<\/em>.<br>19. De <em>petendo quod boni vocant sanctae Mariae<\/em>.<br>20. De <em>feriis quae faciunt Jovi vel Mercurio<\/em>.<br>21. De <em>lunae defectione, quod dicunt Vinceluna<\/em>.<br>22. De <em>tempestatibus et cornibus et cocleis<\/em>.<br>23. De <em>sulcis circa villas<\/em>.<br>24. De <em>pagano cursu quem yrias nominant, scissis pannis vel calciamentis<\/em>.<br>25. De <em>eo, quod sibi sanctos fingunt quoslibet mortuos<\/em>.<br>26. De <em>simulacro de consparsa farina<\/em>.<br>27. De <em>simulacris de pannis factis<\/em>.<br>28. De <em>simulacro quod per campos portant<\/em>.<br>29. De <em>ligneis pedibus vel manibus pagano ritu<\/em>.<br>30. De <em>eo, quod credunt, quia femine lunam comendet, quod possint corda hominum tollere juxta paganos<\/em>.<\/p>\n\n\n\n<p>1. De<em> sacrilegio ad sepulchra mortuorum<\/em>. \u2013 \u2018Over godslastering (heiligschennis) bij de graven van doden.\u2019<br>Het latijnse <em>sacrilegium<\/em> betekende oorspronkelijk \u2018tempelroof\u2019 en kreeg later de bredere betekenis van heiligschennis. De gebruikte duitse vertaling kiest voor een nog vrijere vertaling: <em>\u00dcber das Opfer an Gr\u00e4bern der Toten<\/em>.<\/p>\n\n\n\n<p>2. De <em>sacrilegio super defunctos id est dadsisas<\/em>. \u2013 \u2018Over godslastering (heiligschennis) over overledenen, dat wordt genoemd <em>dadsias<\/em> \u2018doodsmaal.\u2019<br>In een artikel van het regionaal historisch tijdschrift Holland valt te lezen: \u2018Het gebruik van volkstaalwoorden kan erop wijzen dat het &#8211; in ieder geval bij die individuele beschrijvingen waarin ze voorkomen &#8211; om werkelijk waargenomen gebruiken gaat. Dat betekent dat `godslastering over doden, dat wil zeggen &#8220;dadsias&#8221;&#8216;, te vertalen met `lijkzangen&#8217;, hier mogelijk te horen zijn geweest.\u2019 (Mosterd 1993)<br>Dassen kiest voor een letterlijke vertaling: \u2018Over de heiligschennis over overledenen, die <em>dadsias<\/em> is.\u2019 en geeft ook een wat vrijere, leesbare vertaling: \u2018Over <em>dadsias<\/em> (\u2018lijkenzang\u2019?), de heiligschennis over overledenen heen.\u2019<br>Wellicht gaat het om beide, zowel treurzangen als dodenmalen. Van het laatste is ook uit andere bronnen bekend dat ze bij graven gehouden werden.<\/p>\n\n\n\n<p>3. <em>De spurcalibus in Februario<\/em>. \u2013 \u2018Over vuiligheden (banketten) in februari\u2019<br>De latijnse stam spur staat voor \u2018vuil\/verontreinigd\/bezoedeld\/bevuild\u2019. Heidense feesten werden als liederlijk afgedaan en in die zin is niet vreemd dat er vanuit christelijk oogpunt over vuiligheid gesproken wordt.<br>De duitse vertaling spreekt van <em>Festm\u00e4hler im Februar<\/em>. Het zou dus om mogelijk om een ploegfeest of vroeg voorjaarsfeest kunnen gaan, denkbaar een voorloper van carnaval. Voor in de zeventiende eeuw die benaming in zwang raakt, sprak men van vastelavond. Vastel zou te herleiden zijn naar vazel of fazel met als betekenis \u2018onzin\u2019, \u2018kletspraat\u2019 en \u2018uitwendig geslacht van vrouwelijk vee\u2019. Met vazelen werd geslachtsgemeenschap bedoelt.<\/p>\n\n\n\n<p>4. De <em>casulis id est fanis<\/em>. \u2013 \u2018Over hutten en godenhuisjes.\u2019 (\u2018Op kleine gebouwen, d.w.z. schrijnen.\u2019)<br>Het latijnse <em>calsula<\/em> betekent \u2018hutje\u2019 en <em>fanum<\/em> staat voor \u2018aan een godheid gewijde plaats\u2019. Zo\u2019n plek wordt ook wel aangeduid als heiligdom en dit zien we in de duitse vertaling terug <em>\u00dcber kleine Geb\u00e4ude, d.h. Heiligt\u00fcmer<\/em>.<\/p>\n\n\n\n<p>5. De <em>sacrilegiis per aecclesias<\/em>. \u2013 \u2018Over godslastering in (heiligschennis) in kerken.\u2019<br>Het latijnse per staat niet alleen voor \u2019in\u2019, maar ook voor \u2018in de nabijheid van\u2019. De duitse vertaling kiest wederom voor offer: <em>\u00dcber das Opfer an Kirchen<\/em>.<\/p>\n\n\n\n<p>6. De <em>sacris siluarum quae nimidas vocant<\/em>. \u2013 \u2018Over heiligdommen in bossen, die nimidas worden genoemd.\u2019<br>Dit spreekt voor zich. <em>\u00dcber Waldheiligt\u00fcmer, die sie Nimidas nennen<\/em> is de duitse vertaling. Het latijnse <em>silva<\/em> betekent \u2018bos\u2019 of \u2018woud\u2019.<\/p>\n\n\n\n<p>7. De <em>hiis quae faciunt super petras<\/em>. \u2013 \u2018Over datgene wat ze op rotsen doen.\u2019<br>Dit punt is euvel te duiden, want waar zijn in ons land \u2018rotsen\u2019 of \u2018rotsblokken\u2019 te vinden. Het enige dat met te binnenschiet zijn de zwerfkeien waar onder meer de hunebedden van gebouwd zijn.<\/p>\n\n\n\n<p>8. De <em>sacris Mercurii, vel Iovi<\/em>s. \u2013 \u2018Over offers aan Wodan en Donar.\u2019 (\u2018Mercurius en Jupiter\u2019)<\/p>\n\n\n\n<p>9. De <em>sacrificio quod fit alicui sanctorum<\/em>. \u2013 \u2018Over de offers voor hun heiligen.\u2019<\/p>\n\n\n\n<p>10. De <em>filacteriis et ligaturis<\/em>. \u2013 \u2018Over amuletten en bindsels.\u2019<\/p>\n\n\n\n<p>11. De <em>fontibus sacrificiorum<\/em>. \u2013 \u2018Over bronnen waar geofferd wordt.\u2019<\/p>\n\n\n\n<p>12. De <em>incantationibus<\/em>. \u2013 \u2018Over toverspreuken.\u2019 (\u2018Over bezweringen.\u2019)<br>Het latijnse incantatio betekent \u2018toverij\u2019, \u2018toverformule\u2019 (vergelijk met het engels incantation \u2018toverspreuk\u2019, \u2018bezwering\u2019).<\/p>\n\n\n\n<p>13. De <em>auguriis vel avium vel equorum vel bovum stercora vel sternutationes<\/em>. \u2013 \u2018Over de voortekens met behulp van vogels, paarden of rundmest en niezen.\u2019<br><em>Augurium<\/em> staat voor \u2018waarneming en uitlegging der voortekenen (van de<br>vogelvlucht), door de <em>augures<\/em>\u2019. Een manier van waarzeggerij bij de Romeinen en volgens Tacitus ook bij de Germanen. Hij noemt in zijn <em>Germania<\/em> (8 &#8211; 10) ook het voorspellen aan de hand van het hinniken van daartoe bestemde paarden.<\/p>\n\n\n\n<p>14. De <em>divinis vel sortilegis<\/em>. \u2013 \u2018Over waarzeggers en voorspellers.\u2019(\u2018Over toekomstvoorspellingen en het werpen van het lot\u2019.)<br>Het latijnse <em>divino<\/em> staat voor \u2018ik voorspel\u2019, \u2018ik raad\u2019 en <em>sortilegus<\/em> (adjectief) voor \u2018waarzeggend\u2019, \u2018profeterend\u2019. Mogelijk doelt men niet alleen op de beoefenaars maar ook op waarzeggerij en profetie zelf gezien het vorige punt.<\/p>\n\n\n\n<p>15. De <em>igne fricato de ligno id est nodfyr<\/em>. \u2013 \u2018Over het wrijven van vuur uit hout, wat nodfyr betekent.\u2019<br>Het was gebruikelijk ondermeer met jaarfeesten om de vuren te doven en weer ritueel te ontsteken doormiddel van het wrijven van hout.<\/p>\n\n\n\n<p>16. De <em>cerebro animalium<\/em>. \u2013 \u2018Over hersens van dieren.\u2019<\/p>\n\n\n\n<p>17. De <em>observatione pagana in foco, vel in inchoatione rei alicuius<\/em>. \u2013 \u2018Over wat heidenen zien in het vuur, wanneer zijn iets beginnen.\u2019 (\u2018Over heidense waarneming in de pan, of in het begin van elk ding.\u2019)<br>In het latijn heeft <em>focus<\/em> meerdere betekenissen, ondermeer: \u2018stookplaats\u2019, \u2018haard\u2019; \u2018haardstede\u2019 ,\u2018huisgezin\u2019, \u2018familie\u2019, \u2018huis\u2019 maar ook \u2018kolenpan\u2019, \u2018brandstapel\u2019, \u2018offerhaard\u2019, \u2018brandaltaar\u2019, \u2018vuur\u2019 en \u2018gloed\u2019. <em>Inchoatus<\/em> (adjectief) staat voor \u2018begonnen\u2019, \u2018onvoltooid\u2019 en <em>inchoo<\/em> \u2018met iets een begin maken\u2019.<br>De duitse wikipedia geeft de volgende vertaling: <em>\u00dcber heidnische Beobachtung in der Pfanne, oder im Anfang irgendeiner Sache<\/em>. Dassen vertaald het als volgt: \u2018Over heidense waarneming (zienerij) in de offerhaard, of in het begin van wat voor ding dan ook\u2019.<\/p>\n\n\n\n<p>18. De <em>incertis locis que colunt pro sacris<\/em>.\u2013 \u2018Over onduidelijke plaatsen die ze als heilig beschouwen.\u2019<br>Al bij punt 6 zijn heiligdommen in het bos genoemd en die vallen hier misschien ook onder. Waar we nog meer aan kunnen denken zijn bronnen. Voor animisten kan elke steen, boom of struik een heilige plek zijn,<br>Het latijnse <em>incertis<\/em> staat voor \u2018onzeker\u2019, \u2018onbepaald\u2019, \u2018onbetrouwbaar\u2019 en colo heeft betekenissen als \u2018bewonen (van een terras)\u2019; \u2018dikwijls van beschermgoden van een plaats\u2019. <em>\u00dcber ungenau zu lokalisierende Orte, die sie als Heiligt\u00fcmer verehren<\/em> is de vertaling van de duitse Wikipedia en Dassen geeft als mogelijkheid: \u2018Over onzekere plaatsen waar zij het heilige aanbidden\u2019.<\/p>\n\n\n\n<p>19. De <em>petendo quod boni vocant sanctae Mariae<\/em>. \u2013 \u2018Over lievevrouwebedstro van de goede Heilige Maria geheten.\u2019 (\u2018Over de aanroep van de goedgezonde, die als Heilige Maria wordt gezien.\u2019)<br><em>Peto<\/em> in het latijn betekent zoveel als \u2018naar iets reiken\u2019, \u2018naar iets streven\u2019. Dat zegt echter weinig over wat mogelijk bedoeld word of het moet om de eerste betekenis gaan. De duitse Wikipedia vertaalt het als volgt <em>\u00dcber Anrufung, die Gutgesonnene als die der Heiligen Maria bezeichnen<\/em> en Dassen vraagt zich af het wellicht te vertalen is als \u2018Over de aanroeping (aanbidding?) van haar die goedgezinden als de heilige Maria aanduiden\/uitleggen\u2019.<\/p>\n\n\n\n<p>20. De <em>feriis quae faciunt Jovi vel Mercurio<\/em>. \u2013 \u2018Over de feesten van Wodan en Donar.\u2019 (\u2019Over feesten die zij voor Jupiter und Mercurius houden\u2019)<\/p>\n\n\n\n<p>21. De<em> lunae defectione, quod dicunt Vinceluna<\/em>. \u2013 \u2018Over de maansverduistering geheten vinceluna.\u2019 (Over de maanschaduw die ze Vinceluna noemen.\u2019).<br>Volgens Dassen is de wikipedia vertaling meer letterlijk.<\/p>\n\n\n\n<p>22. De <em>tempestatibus et cornibus et cocleis<\/em>. \u2013 \u2018Over stormmaken, over hoorns en bekers.\u2019<\/p>\n\n\n\n<p>23. De <em>sulcis circa villas<\/em>. \u2013 \u2018Over voren rond de dorpen om boze geesten buiten te houden.\u2019<br>Het latijnse <em>sulco<\/em> betekent zowel \u2018vore\u2019, \u2018greppel\u2019 als \u2018geul. In het klassiek Latijn betekent <em>villa<\/em> echter \u2018boerderij\u2019, \u2018landhuis\u2019, \u2018landgoed\u2019 en \u2018buitenplaats\u2019. Dassen kiest hierdoor voor \u2018Over greppels\/voren rondom boerderijen\u2019, hetzelfde geldt voor de duitse wikipedia: <em>\u00dcber Ackerfurchen rund um Geh\u00f6fte.<\/em><br>Dassen merkt op dat de reden die gegeven wordt voor de geulen in de tekst helemaal niet genoemd word maar het zou een verklaring kunnen zijn.<\/p>\n\n\n\n<p>24. De <em>pagano cursu quem yrias nominant, scissis pannis vel calciamentis<\/em>. \u2013 \u2018Over de heidense wedloop genaamd yrias met gescheurde vodden en schoenen.\u2019 (Over de heidense renloop die ze Yria noemen, met kleding en schoenen.\u2019)<br><em>Pannus<\/em> staat voor \u2018lap\u2019, \u2018stuk doek\u2019, \u2018vod\u2019 en <em>pannosus<\/em> \u2018in lompen gehuld\u2019. <em>Sciss<\/em>|<em>illis<\/em> heeft als betekenis \u2018splijtend\u2019, \u2018gescheurd\u2019 en <em>calciamentum<\/em> brengt ons via <em>calceamentum<\/em> bij schoeisel\u2019.<\/p>\n\n\n\n<p>25. De <em>eo, quod sibi sanctos fingunt quoslibet mortuos<\/em>. \u2013 \u2018Over dat ze zich een geliefde als heilig voorstellen\u2019, (&#8220;Over wat ze zelf omschrijven als een heilige dood.\u2019)<br><em>Fingo, finxi, fictum<\/em> staan voor \u2018zich verbeelden\u2019, \u2018zich voorstellen\u2019. Stelde de mens zich een levende of dode geliefde voor als heilig vraag ik me af gezien mortuos. De dood wordt in de vertaling van Speet niet genoemd in tegenstelling tot beide wikipedia vertalingen, waarvan de duitse <em>\u00dcber das, was sie f\u00fcr sich als heilige Tote bezeichnen\/erdichten<\/em>. Mensen worden door de kerk pas na hun verscheiden tot heilig verklaard, dus misschien is daaruit af te leiden dat het om een gestorvene gaat in de vertaling van Speet. Mogelijk wordt op voorouderverering gedoeld.<\/p>\n\n\n\n<p>26. De<em> simulacro de consparsa farina<\/em>. \u2013 \u2018Over het godenbeeld uit deeg.\u2019, (\u2018Over het beeld van verspreide granen.\u2019)<br>Het latijnse <em>simulacrum<\/em> kan doelen op godenbeeld, maar ook op \u2018beeld\u2019, \u2018voorbeeld\u2019, \u2018model\u2019. <em>Far, farris<\/em> staat voor \u2018spelt\u2019 (de oudste korensoort), \u2018meel\u2019, \u2018offermeel\u2019 \u2018brood\u2019.<\/p>\n\n\n\n<p>27. De <em>simulacris de pannis factis<\/em>. \u2013 \u2018Over godenbeelden uit vodden.\u2019, (\u2018Over beelden gemaakt van doeken.\u2019)<\/p>\n\n\n\n<p>28. De <em>simulacro quod per campos portant<\/em>. \u2013 \u2018Over het godenbeeld dat ze door de velden dragen.\u2019<\/p>\n\n\n\n<p>29. De <em>ligneis<\/em> <em>pedibus vel manibus pagano ritu<\/em>. \u2013 \u2018Over houten handen en voeten op heidense wijze.\u2019, (\u2018Over houten voeten en handen na de heidense rite.\u2019)<br>Op heidense wijze is toch heel iets anders dan na afloop van en na staat ook geheel niet in de tekst.<\/p>\n\n\n\n<p>30. De <em>eo, quod credunt, quia femine lunam comendet, quod possint corda hominum tollere juxta paganos<\/em>. \u2013 \u2018Over dat ze geloven dat vrouwen de maan kunnen belezen, zodat ze mensen het hart uit kunnen nemen\u2019, (\u2018Over dat, waarom de vrouwen de maan vertrouwen, wat de harten van mensen kan verheven naar de heidenen.\u2019)<br>Het latijnse<em> tollo<\/em> staat voor meerder betekenissen, te weten: \u2018opbeuren, -heffen, -richten\u2019, \u2018in de hoogte brengen\u2019; \u2018opheffen\u2019, \u2018aanheffen\u2019, \u2018verheffen\u2019 en \u2018wegnemen\u2019, \u2018wegbrengen\u2019, \u2018wegvoeren\u2019. Dassen vind verheffen aannemelijker klinken dan uitnemen. Daar is ook in de duitse vertaling voor gekozen: <em>\u00dcber das, von dem sie glauben, da es die Frauen dem Mond vertrauen, das es die Herzen der Menschen erheben kann gem\u00e4ss den Heiden<\/em>.<\/p>\n\n\n\n<p><strong>Ten slotte<\/strong><br>Het feit dat een lijst als deze is opgesteld, bewijst voor mij het belang van wat erin vermeld wordt. Mensen laten zaken waar ze waarde aan hechten zelden makkelijk los. Christendom heeft vanaf het begin veel van heidens geloof en gebruiken afgedaan als bijgeloof of verwerpelijk. Helaas bestaat dat beeld nog altijd, hoewel het nu lang niet altijd meer door christendom wordt ingegeven maar door rationeel denken. Hier pleit ik altijd weer elkaar de ruimte te gunnen op heel verschillende wijze tegen het leven aan te kijken. Waarom stellen dat een athe\u00efst dom is of iets mist al hij of zij geen behoefte heeft aan zoiets als geloven? Dat noem ik dom! Dat andersom hetzelfde geldt moge duidelijk zijn.<\/p>\n\n\n\n<p>De opsomming maakte me nieuwsgierig. Bijvoorbeeld naar wat er uitgespookt werd op rotsen (7) en wat was het doel van een wedloop (14) met gescheurde vodden en schoenen. Daar krijgen we waarschijnlijk nooit antwoord op, maar het laatste roept wel grappige beelden bij me op. Hetzelfde geldt bij voortekenen van koeiepoep. Ik kan me toch weinig voorstellen bij wat een koeievlaai me zou kunnen wijsmaken, maar wellicht had de stront van runderen uit die tijd wel iets zinnigs te melden. Overigens is drie keer achter elkaar niezen een voorteken van goed weer de volgende dag. Iets dat ik als kind nog heb geleerd, hoewel men er geen geloof aanhechtte.<\/p>\n\n\n\n<p>De vraag rijst wel hoe &#8216;afkeurenswaardige&#8217; zaken worden opgeschreven. Waarschijnlijk op een schimpende of een geringschattende manier. Waar slaan de vodden bijvoorbeeld op (24 en 27)? Zijn het daadwerkelijk vodden of ging het om doeken?<br>Als men vondsten in gedachten neemt van voorwerpen die ooit geofferd werden dan gaat dat nogal eens om kostbare zaken. Het klinkt dan ook onlogisch dat een godenbeeld van vodden gemaakt zou zijn. Al helemaal als in de voorgaande punt op de lijst over godenbeelden van deeg gesproken word. Deeg is immers voedsel.<br>De houten handen en voeten (29) zijn mogelijk offers. Ledematen die waren genezen werden in hout uitgebeeld en geofferd als dank (Eijnatten 2006). Het is een aannemelijke verklaring. Kortom een lijst als deze kan ons nog heel wat inspiratie en gespreksstof opleveren!<\/p>\n\n\n\n<p><strong>Bronnen<\/strong><br>Eijnatten, Joris en Lieburg, Fred van &#8211; <em>Nederlandse religiegeschiedenis<\/em> &#8211; Uitgeverij Verloren 2006<br>Speet, Ben &#8211; <em>Kleine geschiedenis van Nederland<\/em>, Deel III, <em>De tijd van monniken en ridders (500-1000)<\/em> &#8211; Waanders Uitgevers, Zwolle , 2007<\/p>\n\n\n\n<p><strong>Internetbronnen<\/strong><br>http:\/\/nl.wikipedia.org<br>http:\/\/de.wikipedia.org<br>www.northvegr.org<\/p>\n\n\n\n<p>Google Books<br>Mosterd, M. &#8211; De kerstening van Holland (zevende tot twaalfde eeuw) &#8211; artikel uit Holland, regionaal historisch tijdschrift, uitgave van Historische Vereniging Holland, nummer 3-5, 1993<\/p>\n","protected":false},"excerpt":{"rendered":"<p>door Frigga Asraaf Het blijft op mijn lachspieren werken dat juist de geestelijken die vaak te vuur en te zwaard heidendom, met als zijn in hun ogen verfoeilijke gewoonte en gebruiken, bestreden hebben tegelijk een en ander voor ons bewaard hebben dat nu zo waardevol is. Wellicht moeten we toch eens een hoorn heffen op &hellip; <\/p>\n<p class=\"link-more\"><a href=\"https:\/\/www.hetrad.nl\/index.php\/bibliotheek\/indiculus-superstitionum-et-paganiarum\/\" class=\"more-link\">Lees verder <span class=\"screen-reader-text\">&#8220;Indiculus superstitionum et paganarium&#8221;<\/span><\/a><\/p>\n","protected":false},"author":4,"featured_media":0,"parent":418,"menu_order":6,"comment_status":"closed","ping_status":"closed","template":"","meta":[],"_links":{"self":[{"href":"https:\/\/www.hetrad.nl\/index.php\/wp-json\/wp\/v2\/pages\/774"}],"collection":[{"href":"https:\/\/www.hetrad.nl\/index.php\/wp-json\/wp\/v2\/pages"}],"about":[{"href":"https:\/\/www.hetrad.nl\/index.php\/wp-json\/wp\/v2\/types\/page"}],"author":[{"embeddable":true,"href":"https:\/\/www.hetrad.nl\/index.php\/wp-json\/wp\/v2\/users\/4"}],"replies":[{"embeddable":true,"href":"https:\/\/www.hetrad.nl\/index.php\/wp-json\/wp\/v2\/comments?post=774"}],"version-history":[{"count":5,"href":"https:\/\/www.hetrad.nl\/index.php\/wp-json\/wp\/v2\/pages\/774\/revisions"}],"predecessor-version":[{"id":1223,"href":"https:\/\/www.hetrad.nl\/index.php\/wp-json\/wp\/v2\/pages\/774\/revisions\/1223"}],"up":[{"embeddable":true,"href":"https:\/\/www.hetrad.nl\/index.php\/wp-json\/wp\/v2\/pages\/418"}],"wp:attachment":[{"href":"https:\/\/www.hetrad.nl\/index.php\/wp-json\/wp\/v2\/media?parent=774"}],"curies":[{"name":"wp","href":"https:\/\/api.w.org\/{rel}","templated":true}]}}