{"id":531,"date":"2017-11-06T09:32:49","date_gmt":"2017-11-06T08:32:49","guid":{"rendered":"http:\/\/www.hetrad.nl\/?page_id=531"},"modified":"2023-01-27T10:21:12","modified_gmt":"2023-01-27T09:21:12","slug":"kwartaaltijdschrift-balder","status":"publish","type":"page","link":"https:\/\/www.hetrad.nl\/index.php\/het-rad\/kwartaaltijdschrift-balder\/","title":{"rendered":"Kwartaaltijdschrift &#8216;Balder&#8217;"},"content":{"rendered":"\n<div class=\"wp-block-image\"><figure class=\"aligncenter\"><img loading=\"lazy\" width=\"199\" height=\"300\" src=\"https:\/\/www.hetrad.nl\/wp-content\/uploads\/2017\/11\/DSC_9503-199x300.jpg\" alt=\"\" class=\"wp-image-532\" srcset=\"https:\/\/www.hetrad.nl\/wp-content\/uploads\/2017\/11\/DSC_9503-199x300.jpg 199w, https:\/\/www.hetrad.nl\/wp-content\/uploads\/2017\/11\/DSC_9503-768x1156.jpg 768w, https:\/\/www.hetrad.nl\/wp-content\/uploads\/2017\/11\/DSC_9503-680x1024.jpg 680w, https:\/\/www.hetrad.nl\/wp-content\/uploads\/2017\/11\/DSC_9503.jpg 1488w\" sizes=\"(max-width: 199px) 100vw, 199px\" \/><\/figure><\/div>\n\n\n\n<p>Van midzomer 1997 tot en met joel 2014 heeft Het Rad kwartaaltijdschrift &#8216;Balder&#8217; uitgegeven. Het was een tijdschrift voor asatru, runen en seidh. Er werden alle mogelijke onderwerpen in besproken uiteenlopend van geschiedkundig tot spiritueel. Daarnaast bestond de inhoud uit verhalen, kinderspelletjes, recensies, tekeningen, recepten en gedichten.<\/p>\n\n\n\n<p>Alle uitgaven zijn als pdf-bestanden beschikbaar. De kosten voor een digitale &#8216;Balder&#8217; is \u20ac 3,- en voor de hele collectie (67 nummers) \u20ac 18,- . Stuur bij interesse een e-bericht aan &lt;info@hetrad.nl>.<\/p>\n\n\n\n<p>Inhoudsoverzicht<\/p>\n\n\n\n<p>Jaargang 0<\/p>\n\n\n\n<p><strong>MIDZOMER 1997<\/strong> PROEFEXEMPLAAR<br>De dood van Balder<br>Midzomer<br>Nehellenia (lied)<br>Hebben wij een Oudnoorse trampoline nodig?<br>Zijn mijn wortels verrot? Of geven ze juist de veerkracht die de trampoline nodig heeft?<br>Het Lage Land (gedicht)<br>De Hamer rite<br>Het uitvoeren van de Hamer rite<br>Een echt verhaal (kinderverhaal)<\/p>\n\n\n\n<p><strong>HERFSTEVENING 1997<\/strong> NUMMER 1<br>Nehellenia<br>De Merseburger toverspreuken<br>Wodan (gedicht)<br>Walkuren<br>Entiteiten en energie\u00ebn<br>Trance-reizen<br>Sleipnir (kinderverhaal)<\/p>\n\n\n\n<p><strong>JOEL 1997<\/strong> NUMMER 2<br>Hoor de wind<br>De donkere dagen<br>Een hoorn klinkt door de nacht (lied)<br>De Jaarfeesten, deel I<br>Joel (kinderverhaal)<br>Nieuwe stage nieuwe kansen<\/p>\n\n\n\n<p><strong>OSTARA 1998<\/strong> NUMMER 3<br>De Jaarfeesten, deel II<br>Thor<br>Levende dingen: een animistische beschouwing<br>Spiritualiteit<br>Een onverwacht bezoek aan Oslo<br>Religieuze opvoeding<br>Lokiblot<br>Flip (kinderverhaal)<\/p>\n\n\n\n<p>Jaargang 1<\/p>\n\n\n\n<p><strong>MIDZOMER 1998<\/strong> NUMMER 4<br>Het Rad<br>De Dingvrede<br>De Jaarfeesten, deel III<br>Mijn vuurdoop<br>Te kust en te keur<br>Het Rad in de Ruimte<br>Hollandse heidense hotemetoten-dag<br>Heimdal (kinderverhaal)<\/p>\n\n\n\n<p><strong>HERFSTEVENING 1998<\/strong> NUMMER 5<br>Meer dan alleen maar een naam<br>Maar een ding is zeker<br>Over de magische betekenis der runen<br>Remember Dorestad?<br>Zie mij, voel mij, hoor mij, ruik mij (kinderverhaal)<\/p>\n\n\n\n<p><strong>JOEL 1998<\/strong> NUMMER 6<br>Germaans\/heidense sporen uit het verleden van Deurne<br>De Negen Nobele Waarden<br>Is de H\u00e1vam\u00e1l vrouwonvriendelijk?<br>In aantocht (gedicht)<br>Asatru-test<br>Is er leven, is er leven na de dood &#8230;<br>De eerste bijeenkomst van Het Rad<\/p>\n\n\n\n<p><strong>OSTARA 1999<\/strong> NUMMER 7<br>Gr\u00edmnism\u00e1l: een noordse \u2018vision quest\u2019?<br>Redbad: verdediger van het heidendom deel I<br>Verbondenheid<br>Soldug (gedicht)<br>Riddertje spelen (kinderverhaal)<\/p>\n\n\n\n<p>Jaargang 2<\/p>\n\n\n\n<p><strong>MIDZOMER 1999<\/strong> NUMMER 8<br>\u201cWat hamer?\u201d, W. Rus. zeekapitein<br>Redbad, verdediger van het heidendom, deel II<br>Midzomer (lied)<br>De runeninschriften van Lolland, deel I<br>Appelkoek met runen (recept)<br>Ragnarok (gedicht)<br>De aardeverbinding<br>Ran (kinderverhaal)<\/p>\n\n\n\n<p><strong>HERFSTEVENING 1999<\/strong> NUMMER 9<br>Symbolen van de Noordse Traditie<br>Eerste midzomerweekend van Het Rad<br>De runeninschriften van Lolland, deel II<br>Bescherming<br>De inwijding (verhaal)<br>Garm, een noordse waakhond in de Lage Landen<br>Dirk en Frans (kinderverhaal)<\/p>\n\n\n\n<p><strong>JOEL 1999<\/strong> NUMMER 10<br>Fleml\u00f8se, Heln\u00e6s en Glavendrup: Tempelheer-runen op Funen<br>Beleef de seizoenen door tuinieren, deel I<br>Horen, zien en voelen<br>Wat niet weet, wat niet deert&#8230;?<br>En nu Sleipnir nog! Een noordse uitdaging in de Lage Landen.<br>Wat betekent het eigenlijk?<br>Guid yule fae Eskdalemuir (gedicht)<br>Ik ga winnen! (kinderverhaal)<\/p>\n\n\n\n<p><strong>OSTARA 2000<\/strong> NUMMER 11<br>De vrouwe van Asgard<br>De Langobarden (verhaal)<br>Beleef de seizoenen door tuinieren, deel II<br>Frey<br>Runen: een zegen voor de boer<br>Vol reflectie het millennium in?<br>De slang als natuurkracht in traditionele Siberische en Noordse culturen<\/p>\n\n\n\n<p>Jaargang 3<\/p>\n\n\n\n<p><strong>MIDZOMER 2000<\/strong> NUMMER 12<br>Heilige plaatsen<br>Runengefluister uit Groninger en Friese terpen<br>Rune &#8211; runer &#8211; runest<br>Gedicht<br>Beleef de seizoenen door tuinieren, deel III<br>In de voetsporen van Arminius<br>Seidh-rituelen<br>Westkapel, durp an den diek<br>Onweer (kinderverhaal)<\/p>\n\n\n\n<p><strong>HERFSTEVENING 2000<\/strong> NUMMER 13<br>Runen in Thule, een noords Atlantis<br>De berg van een reuzin<br>Tyr als oorspronkelijke hemelgod en god van het recht<br>De Noordse Traditie wint meer en meer veld<br>Oudgermaanse naamkunde met betrekking tot de Noordse landen en Nederland<br>Schuld en boete?<br>Beleef de seizoenen door tuinieren, deel IV<br>Woordzoeker<\/p>\n\n\n\n<p><strong>JOEL 2000<\/strong> NUMMER 14<br>Freya<br>Runen in de provincie Utrecht<br>Oude spirituele maden<br>Een noordse stenenkring<br>Asatru in je eentje<br>Er was een een joelboom (kinderverhaal)<br>Borduur-bijlage<\/p>\n\n\n\n<p><strong>OSTARA 2001<\/strong> NUMMER 15<br>De toegevoegde waarde<br>Schoonse runen op muziek<br>Haal de seizoenen in huis<br>Op zoek naar een heidense ethiek<br>Runenkoekjes (recept)<br>Een vleugje runenmagie<\/p>\n\n\n\n<p>Jaargang 4<\/p>\n\n\n\n<p><strong>MIDZOMER 2001<\/strong> NUMMER 16<br>Pictisch ogham in Schotland en takrunen van de Orkaden en uit Zweden<br>Nomen est Omen<br>Trollen<br>Het Veluwse Uddelermeer en Blekemeer in een noordse sagencontext<br>24 runen<br>Wompe in Walhalla (cartoon)<br>Pleisters met een verhaal<\/p>\n\n\n\n<p><strong>HERFSTEVENING 2001<\/strong> NUMMER 17<br>Rotstekeningen<br>Finland, Estland en Letland bezien vanuit een Zweeds runenperspectief<br>Een brief<br>Aan het strand (verhaal)<br>Midzomer 2001<br>Spiegelbeeld, vertel eens even&#8230;<br>Nienke (kinderverhaal)<\/p>\n\n\n\n<p><strong>JOEL 2001<\/strong> NUMMER 18<br>Vikingzwaarden<br>Het IJslandse Galdrab\u00f3k<br>Gedachten uit de hoogte<br>Aktie<br>Runenpasta (recept)<br>Gotland, een runenwalhalla in de Oostzee<br>Geesten in Nederland, deel I<br>Gedicht door Hella<\/p>\n\n\n\n<p><strong>OSTARA 2002<\/strong> NUMMER 19<br>Over de betekenis van runeninscripties op wapens<br>In het kielzog van de vikingen<br>Runen trance-reis<br>Geesten in Nederland, deel II<br>Niemand weet, niemand weet dat ik repelsteeltje heet&#8230;<br>Twee runeninschriften van Groenland<br>Was (kinderverhaal)<\/p>\n\n\n\n<p>Jaargang 5<\/p>\n\n\n\n<p><strong>MIDZOMER 2002<\/strong> NUMMER 20<br>Over vikingschepen<br>Het weven van een web<br>Hij weer (verhaal)<br>De Noordse Traditie in het zuiden<br>Vlierbloesemsiroop<br>Verwachting, waan of werkelijkheid?<br>Runenvondsten in Duitsland<br>Wompe in Walhalla (cartoon)<br>Jasper en Robin (kinderverhaal)<\/p>\n\n\n\n<p><strong>HERFSTEVENING 2002<\/strong> NUMMER 21<br>Runen in Newfoundland en Minnesota<br>Pardon, is dat een draak op uw schouder?<br>Midzomerweekend 2002: doen!<br>Hedendaagse runentoepassingen<br>Raadsel<br>Wompe in Walhalla (cartoon)<br>De man die kinderverhalen schreef (kinderverhaal)<\/p>\n\n\n\n<p><strong>JOEL 2002<\/strong> NUMMER 22<br>Oudfries recht<br>Van Wodan tot Sinterklaas<br>24 sneeuwvlokken (recept)<br>De raafjes (lied)<br>Joel-ritueel<br>Magie of moraal?<br>Runenvondsten op de zuiddeense eilanden<br>Wompe in Walhalla (cartoon)<br>Roal \u2018de Slimme\u2019 (verhaal)<\/p>\n\n\n\n<p><strong>OSTARA 2003<\/strong> NUMMER 23<br>Transalpine basis voor runen in de sporen van \u00d6tzi<br>Riten en rituelen<br>Ik ga op reis en neem mee&#8230;<br>Regenboogkoek (recept)<br>Gedicht<br>Saksisch en Twents recht<br>Wompe in Walhalla (cartoon)<br>De Sprookjesvogel (kinderverhaal)<\/p>\n\n\n\n<p><strong>BIJLAGE OSTARA 2003<\/strong><br>Aansteekmaterialen: een vergelijkend warenonderzoek<br>Loki: functie en rollen<br>Bananenlikeur (recept)<br>Loki: een bijzondere vriend<br>Woordzoeker<br>Wompe in Walhalla (cartoon)<br>Driewerf&#8230; Loki! (verhaal)<\/p>\n\n\n\n<p>Jaargang 6<\/p>\n\n\n\n<p><strong>MIDZOMER 2003<\/strong> NUMMER 24<br>De Noordse Traditie<br>Doe het zelf: een zonnewiel als deurversiering<br>Waterkerssoep (recept)<br>Runenvondsten in het zweedse Sigtuna<br>Jut en Jul doen een ritueel<br>Heidendom en drankgebruik<br>Van offer tot offerbrood<br>Wompe in Walhalla (cartoon)<br>Een grote verandering (kinderverhaal)<\/p>\n\n\n\n<p><strong>HERFSTEVENING 2003<\/strong> NUMMER 25<br>Bidden<br>Een vikingburcht in het zuidelijke Eifelgebied?<br>Paddenstoelensoep (recept)<br>Gedachtekracht<br>Oogstbroden en -koeken<br>Midzomer 2003<br>Wompe in Walhalla (cartoon)<br>Je bent gek (kinderverhaal)<\/p>\n\n\n\n<p><strong>JOEL 2003<\/strong> NUMMER 26<br>Bezield landschap<br>Vier runeninscripties op de Faer\u00f6er<br>Joelcider (recept)<br>Offers<br>De zilverschat van Wieringen<br>Joelbrood<br>Gedicht<br>Heilsdingen en ander tovergedoe<br>Dekbedden schudden (kinderverhaal)<\/p>\n\n\n\n<p><strong>OSTARA 2004<\/strong> NUMMER 27<br>Hollandse en germaanse runen<br>Ostara ritueel<br>Kruidenkaasrol (recept)<br>De russisch-zweedse relaties in 97 runenteksten gedocumenteerd, deel I<br>Vikingstrandstoel<br>Wompe in Walhalla (cartoon)<br>Oma (kinderverhaal)<br>Jaargang 7<\/p>\n\n\n\n<p><strong>MIDZOMER 2004<\/strong> NUMMER 28<br>Het huldtoneel te Heemskerk<br>Vragen&#8230; vragen&#8230; altijd maar vragen<br>Zomerdrank (recept)<br>De russisch-zweedse relaties in 97 runenteksten gedocumenteerd, deel II<br>Midzomerbrood<br>Denemarken: Aarhus 2004<br>Kubb een vikingspel<br>Wompe in Walhalla (cartoon)<br>Marcus de smid (verhaal)<\/p>\n\n\n\n<p><strong>HERFSEVENING 2004<\/strong> NUMMER 29<br>Een lang noords weekend in East Anglia<br>Gebeden<br>Runenwafels (recept)<br>Midzomer 2004<br>Wapperende vlaggen (gedicht)<br>Twee boekjes<br>De zilverschat van Duesminde<br>Forn Si\u00f0r<br>Lied<br>Wompe in Walhalla (cartoon)<br>Water geven (kinderverhaal)<\/p>\n\n\n\n<p><strong>JOEL 2004<\/strong> NUMMER 30<br>De draak in de germaanse traditie<br>Geweten<br>Hoorn- en beenbewerken<br>Boterkoek (recept)<br>Runenvondsten op Seeland<br>Asatru en entertainment<br>Barnsteen<br>Wompe in Walhalla (cartoon)<\/p>\n\n\n\n<p><strong>OSTARA 2005<\/strong> NUMMER 31<br>Hamingja<br>Runenvondsten op IJsland<br>Zonnewieltjes (recept)<br>Vrijheid van&#8230;&#8230;&#8230;<br>Rondje Lochem in de Achterhoek<br>Wompe in Walhalla (cartoon)<br>De wraak van Eirik Twee-naam (verhaal)<\/p>\n\n\n\n<p>Jaargang 8<\/p>\n\n\n\n<p><strong>MIDZOMER 2005<\/strong> NUMMER 32<br>Runenvondsten op IJsland, deel II<br>Goden, geesten en ander gespuis<br>Kervelsoep met runencoutons (recept)<br>Trouwen<br>Een zonnewiel van tuinkers in negen stappen<br>Mores<br>Grenzen (gedicht)<br>Een runenvondst op de Faer\u00f6er<br>Wompe in Walhalla (cartoon)<br>Ontmoeting in het woud (verhaal)<\/p>\n\n\n\n<p><strong>HERFSTEVENING 2005<\/strong> NUMMER 33<br>Het grote noppes<br>Vier runeninscriptie<br>Midzomerweekend 2005<br>Proto-germaans<br>De hamer-rite in het oudsaksisch<br>Zwangerschap en seidh<br>Wompe in Walhalla (cartoon)<br>Eberhart (verhaal)<\/p>\n\n\n\n<p><strong>JOEL 2005<\/strong> NUMMER 34<br>Rituele wapens<br>Raadsel<br>Tussen middeleeuwen en modern leven<br>Runecanape (recept)<br>geloof in de geneeskunde<br>Zonnerad-rite<br>Overpeinzingen bij een wandeling<br>Wompe in Walhalla<br>Merulf en de draak (verhaal)<\/p>\n\n\n\n<p><strong>OSTARA 2006<\/strong> NUMMER 35<br>Akker-blot<br>Runenvondsten in Schonen, deel I<br>Ostarakoek (recept)<br>Schrijven<br>Herdfeuer<br>Hummelo<br>Wompe in Walhalla (cartoon)<br>Rust (verhaal)<\/p>\n\n\n\n<p>Jaargang 9<\/p>\n\n\n\n<p><strong>MIDZOMER 2006<\/strong> NUMMER 36<br>Negen jaar Het Rad<br>Wandeling in het Vondelpark<br>Runetoffe (recept)<br>Loki-blot<br>Runenvondsten in Schonen, deel III<br>Kleurplaat<br>Mijn tuin<br>Lege bladzijde<br>Wompe in Walhalla (cartoon)<br>Einar (verhaal)<\/p>\n\n\n\n<p><strong>MIDSUMMER 2006<\/strong> NUMMER 36 &#8211; 9<br>Ter gelegenheid van de negende verjaardag van Het Rad is er voor alle gasten die we op het midzomerweekend 2006 mochten verwelkomen een speciale engelstalige \u2018Balder\u2019 gemaakt vol met gelukwensen en liedjes.<br>Nine<br>A night song<br>Forn si\u00f0r<br>A little song<br>In Asgard fair city<br>How many horns<br>Het Rad<br>Happy birthday, Het Rad!<br>Aarde, water, lucht en vuur<br>Hail our herous<br>Through time and tide<br>Wompe in Walhalla<br>What shall we do with a drunken heathen<br>The heathen year round<br>Play along<br>Nehelennia<br>Klus meneertje Peter<br>Counting song<br>Filled pancakes<br>Roll out<br>Spring is coming<br>Asynjur chant<br>Vem kan segla<\/p>\n\n\n\n<p><strong>HERFSTEVENING 2006<\/strong> NUMMER 37<br>Forn Si\u00f0r<br>Zonnige herfstsoep (recept)<br>Midzomerweekend 2006<br>Runenvondsten in Schonen, deel III<br>Wie bepaalt wie of wat we zijn?<br>Wompe in Walhalla (cartoon)<br>Op zoek naar de ring (verhaal)<\/p>\n\n\n\n<p><strong>JOEL 2006<\/strong> NUMMER 38<br>Priesterschap bij Germanen<br>Vraaggesprek met edelsmid Allan Daugard<br>Kinderspelletje<br>Joelbokkoekjes (recept)<br>Runenvondsten van Bornholm<br>De althing van Eldaring<br>\u00c5satru-felleskapet Bifrost<br>Scheiding tussen machten<br>Wompe in Walhalla (cartoon)<\/p>\n\n\n\n<p><strong>OSTARA 2007<\/strong> NUMMER 39<br>Vraaggesprek met Jeroen van Valkenburg<br>Reuzen: wie zijn dat?<br>Elfenslaapmutsje (recept)<br>Runenvondsten in Zuidelijk G\u00f6tland, Halland, Sm\u00e5lland \u00d6land en Blekinge<br>Kith of Yggdrasil: een visie<br>Altaren en blotplaatsen in en rond het huis<br>Wompe in Walhalla (cartoon)<br>Het ei (verhaal)<\/p>\n\n\n\n<p>Jaargang 10<\/p>\n\n\n\n<p><strong>MIDZOMER 2007<\/strong> NUMMER 40<br>Onze heidense huwelijksceremonie<br>Thor en de wijsheid<br>Zoete runenfondue (recept)<br>Eldaring<br>Voorouders in de Broekpolder<br>Etruskisch schrift uit Toscane en germaanse runen<br>Runen van alle tijden<br>Wompe in Walhalla (cartoon)<br>Welke norne weeft welke runen? (kinderspelletje)<br>Vraaggesprek met Marjatta Ranta-Iso<\/p>\n\n\n\n<p><strong>HERFSTEVENING 2007<\/strong> nummer 41<br>Hindoe\u00efstisch overgangsriten<br>Sveriges Asatrosamfund<br>Medekoekjes (recept)<br>Runenvondsten in Zweden: \u00d6sterg\u00f6tland en s\u00f6dermanland<br>Vraaggesprek met Michaela Macha<br>Toonkunst<br>Wompe in Walhalla (cartoon)<br>Het verborgen pad (verhaal)<\/p>\n\n\n\n<p><strong>JOEL 2007<\/strong> nummer 42<br>Heimdal<br>Het paard in de saksische en noordse traditie<br>Achterhoekse nieuwjaarskoekjes: knieperkes uit Ootmarsum (recept)<br>Zijn er nog helden?<br>De maanden en hun namen<br>Etymologisch speurwerk: van \u2018ben\u2019 tot \u2018by\u2019<br>Kind en religie<br>Zoek de negen verschillen (kinderspelletje)<br>Wompe in Walhalla (cartoon)<br>Njords schip (verhaal)<\/p>\n\n\n\n<p><strong>OSTARA 2008<\/strong> nummer 43<br>Een heiden op de heide<br>Kruudmoes (recept)<br>Beleving<br>Trance: hoofdzakelijke hersenwerk?<br>Runenvondsten in Jutland, deel I<br>Vraaggesprek met Vincent Ongkowidjojo<br>Wompe in Walhalla (cartoon)<br>Utgard (verhaal)<\/p>\n\n\n\n<p>Jaargang 11<\/p>\n\n\n\n<p><strong>MIDZOMER 2008<\/strong> nummer 44<br>De meiboom, deel I<br>Internationale vrouwendag: Festival Vrouw en Religie<br>Watergruwel (recept)<br>Asatru<br>Ostara in Duitsland<br>Runenvondsten in Jutland, deel II<br>Wompe in Walhalla (cartoon)<br>Mespad (kort verhaal)<br>Stafstem (kort verhaal)<\/p>\n\n\n\n<p><strong>HERFSTEVENING 2008<\/strong> nummer 45<br>Meiboom, deel II<br>Hersenspinsels omtrent goden en geesten<br>Oogstbrood (recept)<br>Klassieke objectiviteit?<br>Stafrijm (gedicht)<br>Runenvondsten in Jutland, deel II<br>Balder\u2019s maretak<br>Nehalennia<br>Wompe in Walhalla (cartoon)<br>Zomaar een ochtend (verhaaltje)<\/p>\n\n\n\n<p><strong>JOEL 2008<\/strong> nummer 46<br>Ontstaan van de schepping<br>Een persoonlijke beleving van joel<br>Nieuwjaarsstamppot (recept)<br>Runenvondsten in Jutland, deel IV<br>Wortelen<br>Wie vindt de schat? (kinderspel)<br>Bidden, het vervolg<br>Cartoon<br>Zuil van irmin<br>Wit hert<\/p>\n\n\n\n<p><strong>OSTARA 2009<\/strong> nummer 47<br>De context van runen als symbolen<br>Huismerken in de Achterhoek, Twente en Bentheim<br>Kelekoek (recept)<br>Heks tussen de heidenen<br>Seidh met Joel<br>Mimir\u2019s bron (gedicht)<br>Delling, heer van de dageraad<br>Regels<br>Waarde en asatru<br>Gevraagd: vragen<br>Wompe in walhalla (cartoon)<br>Nehalennia (gedicht)<\/p>\n\n\n\n<p>Jaargang 12<\/p>\n\n\n\n<p><strong>Midzomer 2009<\/strong> nummer 48<br>Widolf en de tovernornen<br>Schuld, vergeven en verzoenen<br>Drabbelkoeken (recept)<br>Runenvondsten in Uppland, deel I<br>Vraaggesprek met Abe de Verteller<br>De aarde is plat<br>Waarom vieren we jaarfeesten?<br>Wompe in Wwalhalla (cartoon)<br>Midzomerdag (verhaal)<\/p>\n\n\n\n<p><strong>Herfstevening 2009<\/strong> nummer 49<br>Voormoeders en voorvaders<br>Voorouderkunst<br>Ter ere van de voorouders (recept)<br>Runenvondsten in Uppland, deel II<br>Mijmeringen over holisme en noodlot<br>Iasc 2009<br>Wompe in Walhalla (cartoon)<br>Eeuwige rust (verhaal)<\/p>\n\n\n\n<p><strong>Joel 2009<\/strong> nummer 50<br>In Thale (Harz) beleef je de noordse traditie<br>Rookkruiden<br>Spiegelkoek (recept)<br>Runenvondsten rondom Gotenburg<br>De Wilde Jacht (gedicht)<br>Breipatroon zonneteken<br>Eldating 2009<br>Devotie<br>Heiden in een hokje<br>Nachtwind (verhaal)<\/p>\n\n\n\n<p><strong>Ostara 2010<\/strong> nummer 51<br>Smedentover<br>Heidendom en milieu<br>Lente leeft! (gedicht)<br>Runensesambroodjes (recept)<br>Magische houdingen in de noordse traditie<br>Runenvondsten in Midden- en Noord-Zweden<br>Wodan (gedicht)<br>Wompe in Walhalla (cartoon)<br>Zoeken naar de zon (verhaal)<\/p>\n\n\n\n<p>Jaargang 13<\/p>\n\n\n\n<p><strong>Midzomer 2010<\/strong> nummer 52<br>Indiculus superstitionum et paganiarum<br>Minne<br>Vuur (gedicht)<br>Bloemige ijsblokjes (recept)<br>Micha\u00ebl, thor en mj\u00f6lnir in runeninscripties<br>Eco-theologie: religie in het tijdperk van het opwarmen van de aarde<br>Inwijdingen<br>Wompe in Walhalla (cartoon)<br>Alventranen (verhaal)<\/p>\n\n\n\n<p><strong>Herfstevening 2010<\/strong> nummer 53<br>Het mysterie van Gullveig, deel I<br>Opstellingenwerk, deel I<br>Stroopappeltjes (recept)<br>Arkanua<br>Runenvondsten in Noorwegen<br>De zienerszetel<br>Wompe in Walhalla (cartoon)<br>Een waardig afscheid (verhaal)<\/p>\n\n\n\n<p><strong>Joel 2010<\/strong> nummer 54<br>Het mysterie van Gullveig, deel II<br>Kruid- of bloedbroodjes (recept)<br>Offerplaats in de broekpolder<br>Angelsaksische runenvondsten in Engeland<br>Opstellingenwerk, deel II<br>Drie kleine draken (kinderspel)<br>Wompe in Walhalla (cartoon)<br>Rots (verhaal)<\/p>\n\n\n\n<p><strong>Ostara 2011<\/strong> nummer 55<br>Reuzin van de zee<br>Opstellingenwerk, deel III religie-opstelling<br>Luilakbollen (recept)<br>over de godin Hel<br>Vroeger is vroeger en nu is nu<br>De saksiche runenzonnewendesteen vanEexel<br>Gedicht<br>Kleurplaat<br>Drakenjacht, deel I (verhaal)<\/p>\n\n\n\n<p>Jaargang 14<\/p>\n\n\n\n<p><strong>Midzomer 2011<\/strong> nummer 56<br>Schets bij het ontstaan van de runen<br>Opstellingenwerk, deel IV<br>Flip-over-de-onderdeur (recept)<br>geesten<br>Het angelsaksische runenkistje van Auzon<br>Mano, deel I<br>Drakenjacht, deel II (verhaal)<\/p>\n\n\n\n<p><strong>Herfstevening 2011<\/strong> nummer 57<br>Beeldend landschap<br>Mano, deel II<br>Volle maanritueel<br>Stukje<br>Herfstboleet met uitjes (recept)<br>Gotische en bourgondische runeninscripties<br>Genicus loci<br>Jezelf zijn<br>Kinderspel<br>Gevraagd: vragen<br>Drakenjacht, deel III (verhaal)<\/p>\n\n\n\n<p><strong>Joel 2011<\/strong> nummer 58<br>De geschiedenis van de Jongere Futhark<br>Sigyn, een vrije vrouw<br>Haverkoeken<br>Kerst-Joel, de rooknachten en de Vrouw Hollenacht<br>Gedicht<br>Trance-reis naar de vrijplaats<br>Terug naar Tillitze<br>De zweeds o-rune op Lolland en Bornholm<br>Drakenjacht, deel IV<\/p>\n\n\n\n<p><strong>Ostara 2012<\/strong> nummer 59<br>De ernst van scherts<br>Runenvondsten op het eiland Man<br>Vlierkoeken (recept)<br>Goddelijke inspiratie<br>Op pad met de wolven<br>Huis- tuin- en keukengeesten<br>Mijn reis met uil<\/p>\n\n\n\n<p>Jaargang 15<\/p>\n\n\n\n<p><strong>Midzomer 2012<\/strong> nummer 60<br>Runenvondsten van Orkahaugr<br>Voorouders (gedicht)<br>Blotplaats in de stad<br>Heamiel (recept)<br>Verrassing<br>Op pad met de wolven, deel II<br>Boekbespreking<br>Sint-janskruid<br>balders terugkeer (verhaal)<\/p>\n\n\n\n<p><strong>Herfstevening 2012<\/strong> nummer 61<br>De dwergenschatten<br>Herfstgedicht<br>Zon, zee en zand<br>Stamppot spruitjes-kastanjes (recept)<br>Sterren in het landschap geschreven<br>De 200 jaar oude &#8216;runensteen&#8217; van Yarmouth in het canadese Nova Scotia (1812)<br>IASC 2012<\/p>\n\n\n\n<p><strong>Joel 2012<\/strong> nummer 62<br>De ijslandse tv\u00edma\u00f0r-rune en andere oudnoordse raakvlakken met de cultuur van de canadese Algonkin-indianen \u2013 deel I<br>De overgang van oude naar nieuwe goden<br>De wilde jacht (gedicht)<br>Spekkedik\u2019n (recept)<br>Een levenslange zoektocht naar zingeving en zekerheid<br>Archeologie als bron \u2013 rituelen in het Oer-IJ gebied<br>Hulst<br>Zonnewenden, eveningen en maanstanden 2013<br>Mantelspeld (verhaald)<\/p>\n\n\n\n<p><strong>Ostara 2013<\/strong> nummer 63<br>De spinnende godin &#8211; de spindel als gereedschap en symbool in verleden, mythologie en sprookjes &#8211; Deel I<br>Brandnetelstamppot<br>Wie is Wodan?<br>De ijslandse tv\u00edma\u00f0r-rune en andere oudnoordse raakvlakken met de cultuur van de canadese algonkin-indianen \u2013 deel II<br>Muspeldans (gedicht)<br>Speenkruid<br>Overtocht (verhaal)<\/p>\n\n\n\n<p>Jaargang 16<\/p>\n\n\n\n<p><strong>Midzomer 2013<\/strong> nummer 64<br>De spinnende godin &#8211; de spindel als gereedschap en symbool in verleden, mythologie en sprookjes, Deel II<br>Boerenwormkruid<br>Smoort (recept)<br>Over de pijlen naar de paarden<br>Iets over naamkunde in Nederland, heilige plaatsen, asatru en runen<br>Interview met Sowulo Pagan Band<\/p>\n\n\n\n<p><strong>Herfstevening 2013<\/strong> nummer 65<br>Runen en Taal<br>Twee beschermde grafstenen in lunteren met Odal- en algiz huismerken.<br>Wortelpastinaakstamp<br>De spinnende godin &#8211; de spindel als gereedschap en symbool in verleden, mythologie en sprookjes, Deel III<br>Kinderspel<br>De aanname van geloof in de werkelijkheid<br>Het spinnen van seidr<\/p>\n\n\n\n<p><strong>Joel 2013<\/strong> nummer 66<br>Verslag SEI 2013<br>Recepten<br>Runenvondsten in Noorwegen &#8211; deel II<br>Sneeuw en ijs (gedicht)<br>Heidens landschap<br>Maanstanden 2014<\/p>\n\n\n\n<p><strong>Joel 2014<\/strong> nummer 67<br>Negen Werelden, een esoterische interpretatie<br>Runenvondsten in Noorwegen, deel III<br>Middeleeuwse perenpudding (recept)<br>Krachtzingen met runen<br>Moderne hamerrite<br>Lindeboom<br>De runengedichten<br>Heidense Jaarmarkt 2014<br>Een onlangs opgegraven thorshamer<\/p>\n","protected":false},"excerpt":{"rendered":"<p>Van midzomer 1997 tot en met joel 2014 heeft Het Rad kwartaaltijdschrift &#8216;Balder&#8217; uitgegeven. Het was een tijdschrift voor asatru, runen en seidh. Er werden alle mogelijke onderwerpen in besproken uiteenlopend van geschiedkundig tot spiritueel. Daarnaast bestond de inhoud uit verhalen, kinderspelletjes, recensies, tekeningen, recepten en gedichten. Alle uitgaven zijn als pdf-bestanden beschikbaar. De kosten &hellip; <\/p>\n<p class=\"link-more\"><a href=\"https:\/\/www.hetrad.nl\/index.php\/het-rad\/kwartaaltijdschrift-balder\/\" class=\"more-link\">Lees verder <span class=\"screen-reader-text\">&#8220;Kwartaaltijdschrift &#8216;Balder&#8217;&#8221;<\/span><\/a><\/p>\n","protected":false},"author":4,"featured_media":0,"parent":1096,"menu_order":3,"comment_status":"closed","ping_status":"closed","template":"","meta":[],"_links":{"self":[{"href":"https:\/\/www.hetrad.nl\/index.php\/wp-json\/wp\/v2\/pages\/531"}],"collection":[{"href":"https:\/\/www.hetrad.nl\/index.php\/wp-json\/wp\/v2\/pages"}],"about":[{"href":"https:\/\/www.hetrad.nl\/index.php\/wp-json\/wp\/v2\/types\/page"}],"author":[{"embeddable":true,"href":"https:\/\/www.hetrad.nl\/index.php\/wp-json\/wp\/v2\/users\/4"}],"replies":[{"embeddable":true,"href":"https:\/\/www.hetrad.nl\/index.php\/wp-json\/wp\/v2\/comments?post=531"}],"version-history":[{"count":5,"href":"https:\/\/www.hetrad.nl\/index.php\/wp-json\/wp\/v2\/pages\/531\/revisions"}],"predecessor-version":[{"id":1285,"href":"https:\/\/www.hetrad.nl\/index.php\/wp-json\/wp\/v2\/pages\/531\/revisions\/1285"}],"up":[{"embeddable":true,"href":"https:\/\/www.hetrad.nl\/index.php\/wp-json\/wp\/v2\/pages\/1096"}],"wp:attachment":[{"href":"https:\/\/www.hetrad.nl\/index.php\/wp-json\/wp\/v2\/media?parent=531"}],"curies":[{"name":"wp","href":"https:\/\/api.w.org\/{rel}","templated":true}]}}