{"id":268,"date":"2017-08-06T11:15:18","date_gmt":"2017-08-06T09:15:18","guid":{"rendered":"http:\/\/www.hetrad.nl\/?page_id=268"},"modified":"2017-10-09T12:44:20","modified_gmt":"2017-10-09T10:44:20","slug":"ahnen-gebet","status":"publish","type":"page","link":"https:\/\/www.hetrad.nl\/index.php\/vlam-voor-vrede-flame-of-frith\/friedensflamme\/ahnen-gebet\/","title":{"rendered":"Ahnen Gebet"},"content":{"rendered":"<figure id=\"attachment_129\" aria-describedby=\"caption-attachment-129\" style=\"width: 225px\" class=\"wp-caption alignright\"><img loading=\"lazy\" class=\"size-medium wp-image-129\" src=\"https:\/\/www.hetrad.nl\/wp-content\/uploads\/2017\/07\/IMG_4210-e1499514131964-225x300.jpg\" alt=\"\" width=\"225\" height=\"300\" srcset=\"https:\/\/www.hetrad.nl\/wp-content\/uploads\/2017\/07\/IMG_4210-e1499514131964-225x300.jpg 225w, https:\/\/www.hetrad.nl\/wp-content\/uploads\/2017\/07\/IMG_4210-e1499514131964-768x1024.jpg 768w\" sizes=\"(max-width: 225px) 100vw, 225px\" \/><figcaption id=\"caption-attachment-129\" class=\"wp-caption-text\">Ahnen die den Frieden besch\u00fctzen<\/figcaption><\/figure>\n<p>Heil Ahnenm\u00fctter, heil Ahnenv\u00e4ter,<br \/>\nHeil V\u00e4ter und M\u00fctter der Urzeit!<br \/>\nHeil M\u00fctter und V\u00e4ter der St\u00e4mme.<\/p>\n<p>Bringt uns Weisheit,<br \/>\nWohlbefinden und W\u00e4rme,<br \/>\nBringt uns Kraft, Wissen und K\u00f6nnen.<br \/>\nBringt Gedeihen und fruchtbaren Frieden.<\/p>\n<p>Das bitten wir<br \/>\ndie Ahnenm\u00fctter und Ahnenv\u00e4ter<br \/>\nder vielen Traditionen, Lebenswiesen,<br \/>\nGlaubensbekenntnisse und Betrachtungsweisen,<br \/>\nan denen diese gute Welt reich ist:<\/p>\n<p>Arbeitet mit uns zusammen, euren Nachfahren,<br \/>\ndamit wir und jene, die nach uns kommen,<br \/>\nin Freiheit, Sicherheit und Frieden leben k\u00f6nnen.<br \/>\nM\u00f6gen sprachlose Stimmen wieder sprechen.<\/p>\n<p>M\u00f6ge die Stimme des Friedens wieder schallen.<br \/>\nEntfache die Streitlust f\u00fcr den Friedenskampf.<br \/>\nF\u00fcr alles was lieb und teuer ist auf Erden:<br \/>\nw\u00e4hlt den Frieden, gebt Aussicht auf Frieden!<\/p>\n<p>Sch\u00fctzt mit Kopf, Herz und H\u00e4nden alles,<br \/>\nwof\u00fcr es sich lohnt zu leben und zu lieben.<\/p>\n<p>Heute n\u00e4hren wir<br \/>\ndas Feuer des Friedens und der Freiheit!<br \/>\nHeute n\u00e4hren wir<br \/>\ndie Flamme der Toleranz!<br \/>\nHeute n\u00e4hren wir<br \/>\ndas Feuer der Verbundenheit.<\/p>\n<p>Flamme des Friedens, eile du weiter und dahin:<br \/>\nFrei und froh, kr\u00e4ftig und klar.<\/p>\n<p>Flamme des Friedens, eile du weiter und dahin:<br \/>\nerw\u00e4rme, verbinde,<br \/>\nentfache Bewusstsein und Verst\u00e4nd nis.<\/p>\n<p>Flamme des Friedens, eile du weiter und dahin:<br \/>\ndurch weite Gew\u00e4sser, \u00fcber Felder und freie Natur,<br \/>\ntief in die Erde und hoch in die Luft.<\/p>\n<p>Frigga Asraaf (\u00dcbersetzung GardenStone)<\/p>\n","protected":false},"excerpt":{"rendered":"<p>Heil Ahnenm\u00fctter, heil Ahnenv\u00e4ter, Heil V\u00e4ter und M\u00fctter der Urzeit! Heil M\u00fctter und V\u00e4ter der St\u00e4mme. Bringt uns Weisheit, Wohlbefinden und W\u00e4rme, Bringt uns Kraft, Wissen und K\u00f6nnen. Bringt Gedeihen und fruchtbaren Frieden. Das bitten wir die Ahnenm\u00fctter und Ahnenv\u00e4ter der vielen Traditionen, Lebenswiesen, Glaubensbekenntnisse und Betrachtungsweisen, an denen diese gute Welt reich ist: Arbeitet &hellip; <\/p>\n<p class=\"link-more\"><a href=\"https:\/\/www.hetrad.nl\/index.php\/vlam-voor-vrede-flame-of-frith\/friedensflamme\/ahnen-gebet\/\" class=\"more-link\">Lees verder <span class=\"screen-reader-text\">&#8220;Ahnen Gebet&#8221;<\/span><\/a><\/p>\n","protected":false},"author":4,"featured_media":0,"parent":250,"menu_order":0,"comment_status":"closed","ping_status":"closed","template":"","meta":[],"_links":{"self":[{"href":"https:\/\/www.hetrad.nl\/index.php\/wp-json\/wp\/v2\/pages\/268"}],"collection":[{"href":"https:\/\/www.hetrad.nl\/index.php\/wp-json\/wp\/v2\/pages"}],"about":[{"href":"https:\/\/www.hetrad.nl\/index.php\/wp-json\/wp\/v2\/types\/page"}],"author":[{"embeddable":true,"href":"https:\/\/www.hetrad.nl\/index.php\/wp-json\/wp\/v2\/users\/4"}],"replies":[{"embeddable":true,"href":"https:\/\/www.hetrad.nl\/index.php\/wp-json\/wp\/v2\/comments?post=268"}],"version-history":[{"count":6,"href":"https:\/\/www.hetrad.nl\/index.php\/wp-json\/wp\/v2\/pages\/268\/revisions"}],"predecessor-version":[{"id":401,"href":"https:\/\/www.hetrad.nl\/index.php\/wp-json\/wp\/v2\/pages\/268\/revisions\/401"}],"up":[{"embeddable":true,"href":"https:\/\/www.hetrad.nl\/index.php\/wp-json\/wp\/v2\/pages\/250"}],"wp:attachment":[{"href":"https:\/\/www.hetrad.nl\/index.php\/wp-json\/wp\/v2\/media?parent=268"}],"curies":[{"name":"wp","href":"https:\/\/api.w.org\/{rel}","templated":true}]}}