{"id":256,"date":"2017-08-06T10:47:35","date_gmt":"2017-08-06T08:47:35","guid":{"rendered":"http:\/\/www.hetrad.nl\/?page_id=256"},"modified":"2017-10-09T13:24:33","modified_gmt":"2017-10-09T11:24:33","slug":"spruch-fur-schutz","status":"publish","type":"page","link":"https:\/\/www.hetrad.nl\/index.php\/vlam-voor-vrede-flame-of-frith\/friedensflamme\/spruch-fur-schutz\/","title":{"rendered":"Spruch f\u00fcr Schutz"},"content":{"rendered":"<p><img loading=\"lazy\" class=\"alignnone wp-image-133 aligncenter\" src=\"https:\/\/www.hetrad.nl\/wp-content\/uploads\/2017\/07\/IMG_5258-300x300.png\" alt=\"\" width=\"105\" height=\"105\" srcset=\"https:\/\/www.hetrad.nl\/wp-content\/uploads\/2017\/07\/IMG_5258-300x300.png 300w, https:\/\/www.hetrad.nl\/wp-content\/uploads\/2017\/07\/IMG_5258-150x150.png 150w, https:\/\/www.hetrad.nl\/wp-content\/uploads\/2017\/07\/IMG_5258-768x769.png 768w, https:\/\/www.hetrad.nl\/wp-content\/uploads\/2017\/07\/IMG_5258.png 861w\" sizes=\"(max-width: 105px) 100vw, 105px\" \/><\/p>\n<p style=\"text-align: center;\"><strong>Spruch f\u00fcr Schutz<\/strong><\/p>\n<p style=\"text-align: center;\">Erhalte und beh\u00fcte<br \/>\nDie Flamme f\u00fcr Frieden<br \/>\nin dieser und anderen Welten!<\/p>\n<p style=\"text-align: center;\">Erhalte und beh\u00fcte<br \/>\nFriedensh\u00fcter<br \/>\nin dieser und anderen Welten!<\/p>\n<p style=\"text-align: center;\">Alle G\u00f6tter und Geister<br \/>\nuns wohlwollend geneigt:<br \/>\nWehre Feind und Verrat!<br \/>\nKehre Unheil und \u00dcbel!<br \/>\nBeh\u00fcte vor T\u00e4uschung und Betrug!<\/p>\n<p style=\"text-align: center;\">Alle Friedensh\u00fcter und die Friedensflamme seien frei und sicher!<\/p>\n","protected":false},"excerpt":{"rendered":"<p>Spruch f\u00fcr Schutz Erhalte und beh\u00fcte Die Flamme f\u00fcr Frieden in dieser und anderen Welten! Erhalte und beh\u00fcte Friedensh\u00fcter in dieser und anderen Welten! Alle G\u00f6tter und Geister uns wohlwollend geneigt: Wehre Feind und Verrat! Kehre Unheil und \u00dcbel! Beh\u00fcte vor T\u00e4uschung und Betrug! Alle Friedensh\u00fcter und die Friedensflamme seien frei und sicher!<\/p>\n","protected":false},"author":4,"featured_media":0,"parent":250,"menu_order":0,"comment_status":"closed","ping_status":"closed","template":"","meta":[],"_links":{"self":[{"href":"https:\/\/www.hetrad.nl\/index.php\/wp-json\/wp\/v2\/pages\/256"}],"collection":[{"href":"https:\/\/www.hetrad.nl\/index.php\/wp-json\/wp\/v2\/pages"}],"about":[{"href":"https:\/\/www.hetrad.nl\/index.php\/wp-json\/wp\/v2\/types\/page"}],"author":[{"embeddable":true,"href":"https:\/\/www.hetrad.nl\/index.php\/wp-json\/wp\/v2\/users\/4"}],"replies":[{"embeddable":true,"href":"https:\/\/www.hetrad.nl\/index.php\/wp-json\/wp\/v2\/comments?post=256"}],"version-history":[{"count":1,"href":"https:\/\/www.hetrad.nl\/index.php\/wp-json\/wp\/v2\/pages\/256\/revisions"}],"predecessor-version":[{"id":259,"href":"https:\/\/www.hetrad.nl\/index.php\/wp-json\/wp\/v2\/pages\/256\/revisions\/259"}],"up":[{"embeddable":true,"href":"https:\/\/www.hetrad.nl\/index.php\/wp-json\/wp\/v2\/pages\/250"}],"wp:attachment":[{"href":"https:\/\/www.hetrad.nl\/index.php\/wp-json\/wp\/v2\/media?parent=256"}],"curies":[{"name":"wp","href":"https:\/\/api.w.org\/{rel}","templated":true}]}}